{"id":105,"date":"2022-09-01T08:55:14","date_gmt":"2022-09-01T08:55:14","guid":{"rendered":"https:\/\/usepethome.com.br\/idpet\/?page_id=105"},"modified":"2023-12-07T19:28:07","modified_gmt":"2023-12-07T19:28:07","slug":"login","status":"publish","type":"page","link":"https:\/\/usepethome.com.br\/idpet\/login\/","title":{"rendered":"Login"},"content":{"rendered":"\t\t<div data-elementor-type=\"wp-page\" data-elementor-id=\"105\" class=\"elementor elementor-105\">\n\t\t\t\t\t\t\t<div class=\"elementor-element elementor-element-e06448c e-container--row e-container\" data-id=\"e06448c\" data-element_type=\"container\">\t\t<div class=\"elementor-element elementor-element-7c79e13 e-container--column e-container\" data-id=\"7c79e13\" data-element_type=\"container\">\t\t\t\t<div class=\"elementor-element elementor-element-54329b9 elementor-widget elementor-widget-jet-form-builder-form\" data-id=\"54329b9\" data-element_type=\"widget\" data-widget_type=\"jet-form-builder-form.default\">\n\t\t\t\t<div class=\"elementor-widget-container\">\n\t\t\t<style id=\"jet-form-builder-160-inline-css\"><\/style><form class=\"jet-form-builder layout-column submit-type-reload\" action=\"https:\/\/usepethome.com.br\/idpet\/wp-json\/wp\/v2\/pages\/105\/?jet_form_builder_submit=submit&amp;method=reload\" method=\"POST\" data-form-id=\"160\" data-layout=\"column\" enctype=\"multipart\/form-data\">\n<input type=\"hidden\" id=\"_wpnonce\" name=\"_wpnonce\" value=\"fbee6947bf\" \/><input type=\"hidden\" name=\"_wp_http_referer\" value=\"\/idpet\/wp-json\/wp\/v2\/pages\/105\" \/><input type=\"hidden\" class=\"jet-form-builder__field hidden-field\" name=\"_jet_engine_booking_form_id\" value=\"160\" data-field-name=\"_jet_engine_booking_form_id\">\n<input type=\"hidden\" class=\"jet-form-builder__field hidden-field\" name=\"_jet_engine_refer\" value=\"https:\/\/usepethome.com.br\/idpet\/wp-json\/wp\/v2\/pages\/105\" data-field-name=\"_jet_engine_refer\">\n<input type=\"hidden\" class=\"jet-form-builder__field hidden-field\" name=\"__queried_post_id\" value=\"105\" data-field-name=\"__queried_post_id\">\n\n<div class=\"wp-block-columns is-layout-flex wp-container-core-columns-is-layout-9d6595d7 wp-block-columns-is-layout-flex\">\n<div class=\"wp-block-column is-layout-flow wp-block-column-is-layout-flow\"><div class=\"jet-form-builder-row field-type-text-field\">\n\n<div  class=\"jet-form-builder__label\">\r\n<div  class=\"jet-form-builder__label-text\">Usuario <span class=\"jet-form-builder__required\">*<\/span><\/div><\/div><div class=\"jet-form-builder__field-wrap\">\n\t<input required=\"required\" name=\"usuario\" id=\"usuario\" type=\"text\" data-field-name=\"usuario\" class=\"jet-form-builder__field text-field\">\n\t<\/div>\n<\/div>\n\n\n<div class=\"jet-form-builder-row field-type-text-field\">\n\n<div  class=\"jet-form-builder__label\">\r\n<div  class=\"jet-form-builder__label-text\">Senha <span class=\"jet-form-builder__required\">*<\/span><\/div><\/div><div class=\"jet-form-builder__field-wrap\">\n\t<input required=\"required\" name=\"Senha\" id=\"Senha\" type=\"password\" data-field-name=\"Senha\" class=\"jet-form-builder__field text-field\">\n\t<\/div>\n<\/div>\n<\/div>\n<\/div>\n\n\n<div class=\"jet-form-builder-row field-type-submit-field\">\n\n\t<div data-type=\"submit\" class=\"jet-form-builder__action-button-wrapper jet-form-builder__submit-wrap\">\n\t<button class=\"jet-form-builder__action-button jet-form-builder__submit submit-type-reload\" type=\"submit\">Entrar<\/button>\n\t<\/div>\n\t\n<\/div>\n\t<div class=\"jet-form-builder-messages-wrap\" data-form-id=\"160\"><\/div>\n<\/form>\n\t\t<\/div>\n\t\t\t\t<\/div>\n\t\t\t\t<div class=\"elementor-element elementor-element-ef642d8 elementor-widget elementor-widget-button\" data-id=\"ef642d8\" data-element_type=\"widget\" data-widget_type=\"button.default\">\n\t\t\t\t<div class=\"elementor-widget-container\">\n\t\t\t\t\t<div class=\"elementor-button-wrapper\">\n\t\t\t<a href=\"https:\/\/usepethome.com.br\/idpet\/reset-password\/\" class=\"elementor-button-link elementor-button elementor-size-sm\" role=\"button\">\n\t\t\t\t\t\t<span class=\"elementor-button-content-wrapper\">\n\t\t\t\t\t\t<span class=\"elementor-button-text\">Perdeu sua senha?<\/span>\n\t\t<\/span>\n\t\t\t\t\t<\/a>\n\t\t<\/div>\n\t\t\t\t<\/div>\n\t\t\t\t<\/div>\n\t\t<\/div><div class=\"elementor-element elementor-element-75ac30b e-container--column e-container\" data-id=\"75ac30b\" data-element_type=\"container\">\t\t\t\t<div class=\"elementor-element elementor-element-c9ea61d elementor-widget elementor-widget-heading\" data-id=\"c9ea61d\" data-element_type=\"widget\" data-widget_type=\"heading.default\">\n\t\t\t\t<div class=\"elementor-widget-container\">\n\t\t\t<style>\/*! elementor - v3.7.4 - 31-08-2022 *\/\n.elementor-heading-title{padding:0;margin:0;line-height:1}.elementor-widget-heading .elementor-heading-title[class*=elementor-size-]>a{color:inherit;font-size:inherit;line-height:inherit}.elementor-widget-heading .elementor-heading-title.elementor-size-small{font-size:15px}.elementor-widget-heading .elementor-heading-title.elementor-size-medium{font-size:19px}.elementor-widget-heading .elementor-heading-title.elementor-size-large{font-size:29px}.elementor-widget-heading .elementor-heading-title.elementor-size-xl{font-size:39px}.elementor-widget-heading .elementor-heading-title.elementor-size-xxl{font-size:59px}<\/style><h2 class=\"elementor-heading-title elementor-size-default\">QR CODE DE IDENTIFICA\u00c7\u00c3O PARA O SEU CACHORRO OU GATO<\/h2>\t\t<\/div>\n\t\t\t\t<\/div>\n\t\t\t\t<div class=\"elementor-element elementor-element-558559d elementor-widget elementor-widget-heading\" data-id=\"558559d\" data-element_type=\"widget\" data-widget_type=\"heading.default\">\n\t\t\t\t<div class=\"elementor-widget-container\">\n\t\t\t<h2 class=\"elementor-heading-title elementor-size-default\">Cadastre dados e informa\u00e7\u00f5es importantes que v\u00e3o auxiliar na busca pelo seu Pet<\/h2>\t\t<\/div>\n\t\t\t\t<\/div>\n\t\t\t\t<div class=\"elementor-element elementor-element-7b5c2c4 elementor-widget elementor-widget-text-editor\" data-id=\"7b5c2c4\" data-element_type=\"widget\" data-widget_type=\"text-editor.default\">\n\t\t\t\t<div class=\"elementor-widget-container\">\n\t\t\t<style>\/*! elementor - v3.7.4 - 31-08-2022 *\/\n.elementor-widget-text-editor.elementor-drop-cap-view-stacked .elementor-drop-cap{background-color:#818a91;color:#fff}.elementor-widget-text-editor.elementor-drop-cap-view-framed .elementor-drop-cap{color:#818a91;border:3px solid;background-color:transparent}.elementor-widget-text-editor:not(.elementor-drop-cap-view-default) .elementor-drop-cap{margin-top:8px}.elementor-widget-text-editor:not(.elementor-drop-cap-view-default) .elementor-drop-cap-letter{width:1em;height:1em}.elementor-widget-text-editor .elementor-drop-cap{float:left;text-align:center;line-height:1;font-size:50px}.elementor-widget-text-editor .elementor-drop-cap-letter{display:inline-block}<\/style>\t\t\t\t<p>N\u00e3o tenho uma conta. <span style=\"text-decoration: underline; color: #751275;\"><strong><a style=\"color: #751275; text-decoration: underline;\" href=\"https:\/\/usepethome.com.br\/idpet\/\">Criar uma conta<\/a><\/strong><\/span><\/p>\t\t\t\t\t\t<\/div>\n\t\t\t\t<\/div>\n\t\t<\/div><\/div>\t\t\t\t\t<\/div>\n\t\t","protected":false},"excerpt":{"rendered":"<p>Usuario * Senha * Entrar Perdeu sua senha? QR CODE DE IDENTIFICA\u00c7\u00c3O PARA O SEU CACHORRO OU GATO Cadastre dados e informa\u00e7\u00f5es importantes que v\u00e3o auxiliar na busca pelo seu Pet N\u00e3o tenho uma conta. Criar uma conta<\/p>\n","protected":false},"author":1,"featured_media":0,"parent":0,"menu_order":0,"comment_status":"closed","ping_status":"closed","template":"elementor_header_footer","meta":{"footnotes":""},"class_list":["post-105","page","type-page","status-publish","hentry"],"_links":{"self":[{"href":"https:\/\/usepethome.com.br\/idpet\/wp-json\/wp\/v2\/pages\/105","targetHints":{"allow":["GET"]}}],"collection":[{"href":"https:\/\/usepethome.com.br\/idpet\/wp-json\/wp\/v2\/pages"}],"about":[{"href":"https:\/\/usepethome.com.br\/idpet\/wp-json\/wp\/v2\/types\/page"}],"author":[{"embeddable":true,"href":"https:\/\/usepethome.com.br\/idpet\/wp-json\/wp\/v2\/users\/1"}],"replies":[{"embeddable":true,"href":"https:\/\/usepethome.com.br\/idpet\/wp-json\/wp\/v2\/comments?post=105"}],"version-history":[{"count":62,"href":"https:\/\/usepethome.com.br\/idpet\/wp-json\/wp\/v2\/pages\/105\/revisions"}],"predecessor-version":[{"id":822,"href":"https:\/\/usepethome.com.br\/idpet\/wp-json\/wp\/v2\/pages\/105\/revisions\/822"}],"wp:attachment":[{"href":"https:\/\/usepethome.com.br\/idpet\/wp-json\/wp\/v2\/media?parent=105"}],"curies":[{"name":"wp","href":"https:\/\/api.w.org\/{rel}","templated":true}]}}