{"id":107,"date":"2022-09-01T08:55:25","date_gmt":"2022-09-01T08:55:25","guid":{"rendered":"https:\/\/usepethome.com.br\/idpet\/?page_id=107"},"modified":"2023-12-07T18:30:04","modified_gmt":"2023-12-07T18:30:04","slug":"cadastro","status":"publish","type":"page","link":"https:\/\/usepethome.com.br\/idpet\/","title":{"rendered":"Cadastro"},"content":{"rendered":"\t\t<div data-elementor-type=\"wp-page\" data-elementor-id=\"107\" class=\"elementor elementor-107\">\n\t\t\t\t\t\t\t<div class=\"elementor-element elementor-element-49c0433 e-container--row e-container\" data-id=\"49c0433\" data-element_type=\"container\">\t\t<div class=\"elementor-element elementor-element-1d39e71 e-container--column e-container\" data-id=\"1d39e71\" data-element_type=\"container\">\t\t\t\t<div class=\"elementor-element elementor-element-eaff44d stax-condition-yes stax-user_role_enabled-yes elementor-widget elementor-widget-jet-form-builder-form\" data-id=\"eaff44d\" data-element_type=\"widget\" data-widget_type=\"jet-form-builder-form.default\">\n\t\t\t\t<div class=\"elementor-widget-container\">\n\t\t\t<style id=\"jet-form-builder-159-inline-css\"><\/style><form class=\"jet-form-builder layout-column submit-type-reload\" action=\"https:\/\/usepethome.com.br\/idpet\/wp-json\/wp\/v2\/pages\/107\/?jet_form_builder_submit=submit&amp;method=reload\" method=\"POST\" data-form-id=\"159\" data-layout=\"column\" enctype=\"multipart\/form-data\">\n<input type=\"hidden\" id=\"_wpnonce\" name=\"_wpnonce\" value=\"fbee6947bf\" \/><input type=\"hidden\" name=\"_wp_http_referer\" value=\"\/idpet\/wp-json\/wp\/v2\/pages\/107\" \/><input type=\"hidden\" class=\"jet-form-builder__field hidden-field\" name=\"_jet_engine_booking_form_id\" value=\"159\" data-field-name=\"_jet_engine_booking_form_id\">\n<input type=\"hidden\" class=\"jet-form-builder__field hidden-field\" name=\"_jet_engine_refer\" value=\"https:\/\/usepethome.com.br\/idpet\/wp-json\/wp\/v2\/pages\/107\" data-field-name=\"_jet_engine_refer\">\n<input type=\"hidden\" class=\"jet-form-builder__field hidden-field\" name=\"__queried_post_id\" value=\"107\" data-field-name=\"__queried_post_id\">\n\n<div class=\"wp-block-columns is-layout-flex wp-container-core-columns-is-layout-9d6595d7 wp-block-columns-is-layout-flex\">\n<div class=\"wp-block-column is-layout-flow wp-block-column-is-layout-flow\"><div class=\"jet-form-builder-row field-type-text-field\">\n\n<div  class=\"jet-form-builder__label\">\r\n<div  class=\"jet-form-builder__label-text\">Nome <span class=\"jet-form-builder__required\">*<\/span><\/div><\/div><div class=\"jet-form-builder__field-wrap\">\n\t<input required=\"required\" name=\"nome\" id=\"nome\" type=\"text\" data-field-name=\"nome\" class=\"jet-form-builder__field text-field\">\n\t<\/div>\n<\/div>\n\n\n<div class=\"jet-form-builder-row field-type-text-field\">\n\n<div  class=\"jet-form-builder__label\">\r\n<div  class=\"jet-form-builder__label-text\">E-mail <span class=\"jet-form-builder__required\">*<\/span><\/div><\/div><div class=\"jet-form-builder__field-wrap\">\n\t<input required=\"required\" name=\"email\" id=\"email\" type=\"email\" data-field-name=\"email\" class=\"jet-form-builder__field text-field\">\n\t<\/div>\n<\/div>\n\n\n<div class=\"jet-form-builder-row field-type-text-field\">\n\n<div  class=\"jet-form-builder__label\">\r\n<div  class=\"jet-form-builder__label-text\">Nome de Usu\u00e1rio <span class=\"jet-form-builder__required\">*<\/span><\/div><\/div><div class=\"jet-form-builder__field-wrap\">\n\t<input required=\"required\" name=\"user_login\" id=\"user_login\" type=\"text\" data-field-name=\"user_login\" class=\"jet-form-builder__field text-field\">\n\t<\/div>\n<\/div>\n\n\n<div class=\"jet-form-builder-row field-type-text-field\">\n\n<div  class=\"jet-form-builder__label\">\r\n<div  class=\"jet-form-builder__label-text\">Senha <span class=\"jet-form-builder__required\">*<\/span><\/div><\/div><div class=\"jet-form-builder__field-wrap\">\n\t<input required=\"required\" name=\"senha\" id=\"senha\" type=\"password\" data-field-name=\"senha\" class=\"jet-form-builder__field text-field\">\n\t<\/div>\n<\/div>\n<\/div>\n<\/div>\n\n\n<div class=\"jet-form-builder-row field-type-submit-field\">\n\n\t<div data-type=\"submit\" class=\"jet-form-builder__action-button-wrapper jet-form-builder__submit-wrap\">\n\t<button class=\"jet-form-builder__action-button jet-form-builder__submit submit-type-reload\" type=\"submit\">Criar Conta<\/button>\n\t<\/div>\n\t\n<\/div>\n\t<div class=\"jet-form-builder-messages-wrap\" data-form-id=\"159\"><\/div>\n<\/form>\n\t\t<\/div>\n\t\t\t\t<\/div>\n\t\t<\/div><div class=\"elementor-element elementor-element-03ccee8 e-container--column e-container\" data-id=\"03ccee8\" data-element_type=\"container\">\t\t\t\t<div class=\"elementor-element elementor-element-91e51c4 elementor-widget elementor-widget-heading\" data-id=\"91e51c4\" data-element_type=\"widget\" data-widget_type=\"heading.default\">\n\t\t\t\t<div class=\"elementor-widget-container\">\n\t\t\t<style>\/*! elementor - v3.7.4 - 31-08-2022 *\/\n.elementor-heading-title{padding:0;margin:0;line-height:1}.elementor-widget-heading .elementor-heading-title[class*=elementor-size-]>a{color:inherit;font-size:inherit;line-height:inherit}.elementor-widget-heading .elementor-heading-title.elementor-size-small{font-size:15px}.elementor-widget-heading .elementor-heading-title.elementor-size-medium{font-size:19px}.elementor-widget-heading .elementor-heading-title.elementor-size-large{font-size:29px}.elementor-widget-heading .elementor-heading-title.elementor-size-xl{font-size:39px}.elementor-widget-heading .elementor-heading-title.elementor-size-xxl{font-size:59px}<\/style><h2 class=\"elementor-heading-title elementor-size-default\">QR CODE DE IDENTIFICA\u00c7\u00c3O PARA O SEU CACHORRO OU GATO<\/h2>\t\t<\/div>\n\t\t\t\t<\/div>\n\t\t\t\t<div class=\"elementor-element elementor-element-38e713d elementor-widget elementor-widget-heading\" data-id=\"38e713d\" data-element_type=\"widget\" data-widget_type=\"heading.default\">\n\t\t\t\t<div class=\"elementor-widget-container\">\n\t\t\t<h2 class=\"elementor-heading-title elementor-size-default\">Cadastre dados e informa\u00e7\u00f5es importantes que v\u00e3o auxiliar na busca pelo seu Pet<\/h2>\t\t<\/div>\n\t\t\t\t<\/div>\n\t\t\t\t<div class=\"elementor-element elementor-element-c676e2e stax-condition-yes stax-user_role_enabled-yes elementor-widget elementor-widget-text-editor\" data-id=\"c676e2e\" data-element_type=\"widget\" data-widget_type=\"text-editor.default\">\n\t\t\t\t<div class=\"elementor-widget-container\">\n\t\t\t<style>\/*! elementor - v3.7.4 - 31-08-2022 *\/\n.elementor-widget-text-editor.elementor-drop-cap-view-stacked .elementor-drop-cap{background-color:#818a91;color:#fff}.elementor-widget-text-editor.elementor-drop-cap-view-framed .elementor-drop-cap{color:#818a91;border:3px solid;background-color:transparent}.elementor-widget-text-editor:not(.elementor-drop-cap-view-default) .elementor-drop-cap{margin-top:8px}.elementor-widget-text-editor:not(.elementor-drop-cap-view-default) .elementor-drop-cap-letter{width:1em;height:1em}.elementor-widget-text-editor .elementor-drop-cap{float:left;text-align:center;line-height:1;font-size:50px}.elementor-widget-text-editor .elementor-drop-cap-letter{display:inline-block}<\/style>\t\t\t\t<p><span style=\"vertical-align: inherit;\"><span style=\"vertical-align: inherit;\"><span style=\"vertical-align: inherit;\"><span style=\"vertical-align: inherit;\">J\u00e1 tenho uma conta. <\/span><\/span><\/span><\/span><span style=\"text-decoration: underline; color: #751275;\"><strong><a style=\"color: #751275; text-decoration: underline;\" href=\"https:\/\/usepethome.com.br\/idpet\/login\"><span style=\"vertical-align: inherit;\"><span style=\"vertical-align: inherit;\"><span style=\"vertical-align: inherit;\"><span style=\"vertical-align: inherit;\">Acessar minha conta<\/span><\/span><\/span><\/span><\/a><\/strong><\/span><\/p>\t\t\t\t\t\t<\/div>\n\t\t\t\t<\/div>\n\t\t<\/div><\/div>\t\t\t\t\t<\/div>\n\t\t","protected":false},"excerpt":{"rendered":"<p>QR CODE DE IDENTIFICA\u00c7\u00c3O PARA O SEU CACHORRO OU GATO Cadastre dados e informa\u00e7\u00f5es importantes que v\u00e3o auxiliar na busca pelo seu Pet J\u00e1 tenho uma conta. Acessar minha conta Voc\u00ea ja est\u00e1 logado(a). Acessar minha conta<\/p>\n","protected":false},"author":1,"featured_media":0,"parent":0,"menu_order":0,"comment_status":"closed","ping_status":"closed","template":"elementor_header_footer","meta":{"footnotes":""},"class_list":["post-107","page","type-page","status-publish","hentry"],"_links":{"self":[{"href":"https:\/\/usepethome.com.br\/idpet\/wp-json\/wp\/v2\/pages\/107","targetHints":{"allow":["GET"]}}],"collection":[{"href":"https:\/\/usepethome.com.br\/idpet\/wp-json\/wp\/v2\/pages"}],"about":[{"href":"https:\/\/usepethome.com.br\/idpet\/wp-json\/wp\/v2\/types\/page"}],"author":[{"embeddable":true,"href":"https:\/\/usepethome.com.br\/idpet\/wp-json\/wp\/v2\/users\/1"}],"replies":[{"embeddable":true,"href":"https:\/\/usepethome.com.br\/idpet\/wp-json\/wp\/v2\/comments?post=107"}],"version-history":[{"count":162,"href":"https:\/\/usepethome.com.br\/idpet\/wp-json\/wp\/v2\/pages\/107\/revisions"}],"predecessor-version":[{"id":815,"href":"https:\/\/usepethome.com.br\/idpet\/wp-json\/wp\/v2\/pages\/107\/revisions\/815"}],"wp:attachment":[{"href":"https:\/\/usepethome.com.br\/idpet\/wp-json\/wp\/v2\/media?parent=107"}],"curies":[{"name":"wp","href":"https:\/\/api.w.org\/{rel}","templated":true}]}}