{"id":804,"date":"2023-12-07T19:04:34","date_gmt":"2023-12-07T19:04:34","guid":{"rendered":"https:\/\/usepethome.com.br\/idpet\/?page_id=804"},"modified":"2023-12-07T19:20:50","modified_gmt":"2023-12-07T19:20:50","slug":"reset-password","status":"publish","type":"page","link":"https:\/\/usepethome.com.br\/idpet\/reset-password\/","title":{"rendered":"reset password"},"content":{"rendered":"\t\t<div data-elementor-type=\"wp-page\" data-elementor-id=\"804\" class=\"elementor elementor-804\">\n\t\t\t\t\t\t\t<div class=\"elementor-element elementor-element-10fa208 e-container--row e-container\" data-id=\"10fa208\" data-element_type=\"container\">\t\t<div class=\"elementor-element elementor-element-8652ba2 e-container--column e-container\" data-id=\"8652ba2\" data-element_type=\"container\">\t\t\t\t<div class=\"elementor-element elementor-element-f5b10ef elementor-widget elementor-widget-shortcode\" data-id=\"f5b10ef\" data-element_type=\"widget\" data-widget_type=\"shortcode.default\">\n\t\t\t\t<div class=\"elementor-widget-container\">\n\t\t\t\t\t<div class=\"elementor-shortcode\">\r\n<div id=\"password-lost-form-wrap\">\r\n\r\n\t\r\n\t\r\n\t<form id=\"lostpasswordform\" method=\"post\" class=\"account-page-form\">\r\n\t\t<fieldset>\r\n\t\t\t<legend>Nova senha<\/legend>\r\n\r\n\t\t\t<div class=\"somfrp-lost-pass-form-text\">\r\n\t\t\t\t<p>Por favor, insira seu endere\u00e7o de e-mail ou nome de usu\u00e1rio. Voc\u00ea receber\u00e1 um link para criar uma nova senha por e-mail.<\/p>\n\t\t\t<\/div>\r\n\r\n\t\t\t<p class=\"no-margin\">\r\n\t\t\t\t<label for=\"somfrp_user_info\">Seu e-mail ou usu\u00e1rio<\/label>\r\n\t\t\t\t<input type=\"text\" name=\"somfrp_user_info\" id=\"somfrp_user_info\" required autocomplete=\"username\">\r\n\t\t\t<\/p>\r\n\t\t\t\r\n\r\n\t\t\t<div class=\"lostpassword-submit\">\r\n\t\t\t\t<input type=\"hidden\" id=\"somfrp_nonce\" name=\"somfrp_nonce\" value=\"d05f9e31c6\" \/><input type=\"hidden\" name=\"_wp_http_referer\" value=\"\/idpet\/wp-json\/wp\/v2\/pages\/804\" \/>\t\t\t\t<input type=\"hidden\" name=\"submitted\" id=\"submitted\" value=\"true\">\r\n\t\t\t\t<input type=\"hidden\" name=\"somfrp_action\" id=\"somfrp_post_action\" value=\"somfrp_lost_pass\">\r\n\t\t\t\t<button type=\"submit\" id=\"reset-pass-submit\" name=\"reset-pass-submit\" class=\"button big-btn\">Recuperar Senha<\/button>\r\n\t\t\t<\/div>\r\n\r\n\t\t<\/fieldset>\r\n\t<\/form>\r\n\r\n<\/div><\/div>\n\t\t\t\t<\/div>\n\t\t\t\t<\/div>\n\t\t<\/div><div class=\"elementor-element elementor-element-d467627 e-container--column e-container\" data-id=\"d467627\" data-element_type=\"container\">\t\t\t\t<div class=\"elementor-element elementor-element-2b1a3c2 elementor-widget elementor-widget-heading\" data-id=\"2b1a3c2\" data-element_type=\"widget\" data-widget_type=\"heading.default\">\n\t\t\t\t<div class=\"elementor-widget-container\">\n\t\t\t<style>\/*! elementor - v3.7.4 - 31-08-2022 *\/\n.elementor-heading-title{padding:0;margin:0;line-height:1}.elementor-widget-heading .elementor-heading-title[class*=elementor-size-]>a{color:inherit;font-size:inherit;line-height:inherit}.elementor-widget-heading .elementor-heading-title.elementor-size-small{font-size:15px}.elementor-widget-heading .elementor-heading-title.elementor-size-medium{font-size:19px}.elementor-widget-heading .elementor-heading-title.elementor-size-large{font-size:29px}.elementor-widget-heading .elementor-heading-title.elementor-size-xl{font-size:39px}.elementor-widget-heading .elementor-heading-title.elementor-size-xxl{font-size:59px}<\/style><h2 class=\"elementor-heading-title elementor-size-default\">QR CODE DE IDENTIFICA\u00c7\u00c3O PARA O SEU CACHORRO OU GATO<\/h2>\t\t<\/div>\n\t\t\t\t<\/div>\n\t\t\t\t<div class=\"elementor-element elementor-element-1dab1bc elementor-widget elementor-widget-heading\" data-id=\"1dab1bc\" data-element_type=\"widget\" data-widget_type=\"heading.default\">\n\t\t\t\t<div class=\"elementor-widget-container\">\n\t\t\t<h2 class=\"elementor-heading-title elementor-size-default\">Cadastre dados e informa\u00e7\u00f5es importantes que v\u00e3o auxiliar na busca pelo seu Pet<\/h2>\t\t<\/div>\n\t\t\t\t<\/div>\n\t\t\t\t<div class=\"elementor-element elementor-element-10cbfa4 elementor-widget elementor-widget-text-editor\" data-id=\"10cbfa4\" data-element_type=\"widget\" data-widget_type=\"text-editor.default\">\n\t\t\t\t<div class=\"elementor-widget-container\">\n\t\t\t<style>\/*! elementor - v3.7.4 - 31-08-2022 *\/\n.elementor-widget-text-editor.elementor-drop-cap-view-stacked .elementor-drop-cap{background-color:#818a91;color:#fff}.elementor-widget-text-editor.elementor-drop-cap-view-framed .elementor-drop-cap{color:#818a91;border:3px solid;background-color:transparent}.elementor-widget-text-editor:not(.elementor-drop-cap-view-default) .elementor-drop-cap{margin-top:8px}.elementor-widget-text-editor:not(.elementor-drop-cap-view-default) .elementor-drop-cap-letter{width:1em;height:1em}.elementor-widget-text-editor .elementor-drop-cap{float:left;text-align:center;line-height:1;font-size:50px}.elementor-widget-text-editor .elementor-drop-cap-letter{display:inline-block}<\/style>\t\t\t\t<p>N\u00e3o tenho uma conta. <span style=\"text-decoration: underline; color: #751275;\"><strong><a style=\"color: #751275; text-decoration: underline;\" href=\"https:\/\/usepethome.com.br\/idpet\/\">Criar uma conta<\/a><\/strong><\/span><\/p>\t\t\t\t\t\t<\/div>\n\t\t\t\t<\/div>\n\t\t<\/div><\/div>\t\t\t\t\t<\/div>\n\t\t","protected":false},"excerpt":{"rendered":"<p>QR CODE DE IDENTIFICA\u00c7\u00c3O PARA O SEU CACHORRO OU GATO Cadastre dados e informa\u00e7\u00f5es importantes que v\u00e3o auxiliar na busca pelo seu Pet N\u00e3o tenho uma conta. Criar uma conta<\/p>\n","protected":false},"author":1,"featured_media":0,"parent":0,"menu_order":0,"comment_status":"closed","ping_status":"closed","template":"elementor_header_footer","meta":{"footnotes":""},"class_list":["post-804","page","type-page","status-publish","hentry"],"_links":{"self":[{"href":"https:\/\/usepethome.com.br\/idpet\/wp-json\/wp\/v2\/pages\/804","targetHints":{"allow":["GET"]}}],"collection":[{"href":"https:\/\/usepethome.com.br\/idpet\/wp-json\/wp\/v2\/pages"}],"about":[{"href":"https:\/\/usepethome.com.br\/idpet\/wp-json\/wp\/v2\/types\/page"}],"author":[{"embeddable":true,"href":"https:\/\/usepethome.com.br\/idpet\/wp-json\/wp\/v2\/users\/1"}],"replies":[{"embeddable":true,"href":"https:\/\/usepethome.com.br\/idpet\/wp-json\/wp\/v2\/comments?post=804"}],"version-history":[{"count":10,"href":"https:\/\/usepethome.com.br\/idpet\/wp-json\/wp\/v2\/pages\/804\/revisions"}],"predecessor-version":[{"id":819,"href":"https:\/\/usepethome.com.br\/idpet\/wp-json\/wp\/v2\/pages\/804\/revisions\/819"}],"wp:attachment":[{"href":"https:\/\/usepethome.com.br\/idpet\/wp-json\/wp\/v2\/media?parent=804"}],"curies":[{"name":"wp","href":"https:\/\/api.w.org\/{rel}","templated":true}]}}